{"id":576,"date":"2022-10-06T04:42:29","date_gmt":"2022-10-06T04:42:29","guid":{"rendered":"https:\/\/columnayesperanzalucena.es\/?page_id=576"},"modified":"2022-10-13T10:16:54","modified_gmt":"2022-10-13T10:16:54","slug":"aviso-legal","status":"publish","type":"page","link":"https:\/\/columnayesperanzalucena.es\/?page_id=576","title":{"rendered":"AVISO LEGAL"},"content":{"rendered":"[et_pb_section fb_built=\u00bb1&#8243; admin_label=\u00bbsection\u00bb _builder_version=\u00bb4.16&#8243; global_colors_info=\u00bb{}\u00bb][et_pb_row admin_label=\u00bbrow\u00bb _builder_version=\u00bb4.16&#8243; background_size=\u00bbinitial\u00bb background_position=\u00bbtop_left\u00bb background_repeat=\u00bbrepeat\u00bb global_colors_info=\u00bb{}\u00bb][et_pb_column type=\u00bb4_4&#8243; _builder_version=\u00bb4.16&#8243; custom_padding=\u00bb|||\u00bb global_colors_info=\u00bb{}\u00bb custom_padding__hover=\u00bb|||\u00bb][et_pb_text admin_label=\u00bbText\u00bb _builder_version=\u00bb4.18.0&#8243; background_size=\u00bbinitial\u00bb background_position=\u00bbtop_left\u00bb background_repeat=\u00bbrepeat\u00bb text_orientation=\u00bbjustified\u00bb hover_enabled=\u00bb0&#8243; global_colors_info=\u00bb{}\u00bb sticky_enabled=\u00bb0&#8243;]<h2 class=\"elementor-heading-title elementor-size-default\"><strong><span style=\"color: #4500a0;\">||<\/span> Aviso legal<\/strong><\/h2>\n<h2><\/h2>\n<h2><\/h2>\n<h2>Datos generales<\/h2>\n<p>De acuerdo con el art\u00edculo 10 de la Ley 34\/2002, de 11 de julio, de Servicios de la Sociedad de la Informaci\u00f3n y de Comercio Electr\u00f3nico ponemos a su disposici\u00f3n los siguientes datos que corresponden al responsable de este sitio.<\/p>\n<p>Este servicio web pertenece a la Cofrad\u00eda de Nuestro Padre Jes\u00fas Amarrado a la Columna y de Mar\u00eda Stma. de la Paz y Esperanza (En adelante la<span>\u00a0<\/span><strong>Cofrad\u00eda<\/strong>) con CIF n\u00famero <span style=\"color: #000000;\">R1400515A<\/span> y Casa Hermandad en Llanete Cristo de la Columna 10, 14900 Lucena (C\u00f3rdoba). Puede contactar con nosotros a trav\u00e9s de nuestro correo electr\u00f3nico<span>\u00a0<\/span><a href=\"mailto:secretariado@columnayesperanzalucena.es\" target=\"_blank\" rel=\"noopener\">secretariado@columnayesperanzalucena.es<\/a><\/p>\n<p><!-- \/wp:paragraph --><\/p>\n<h2>Objetivo<\/h2>\n<p>La <strong>Cofrad\u00eda<\/strong> ofrece esta web para facilitar el acceso p\u00fablico a la informaci\u00f3n de que dispone y ofrecer una opci\u00f3n f\u00e1cil para que los usuarios puedan interactuar y solicitar informaci\u00f3n. En este sentido, la\u00a0<strong>Cofrad\u00eda<\/strong> procura que la informaci\u00f3n que publica sea exacta y precisa, y procede a su actualizaci\u00f3n con la m\u00e1xima celeridad posible, tratando de evitar errores y, corrigi\u00e9ndolos tan pronto como los detecta. No obstante, la\u00a0<strong>Cofrad\u00eda<\/strong> no puede garantizar la inexistencia de errores, ni que el contenido de la informaci\u00f3n se encuentre permanentemente actualizado. Del mismo modo, la\u00a0<strong>Cofrad\u00eda<\/strong>\u00a0no se hace responsable de la exactitud y actualizaci\u00f3n de la informaci\u00f3n proveniente de otras personas f\u00edsicas o jur\u00eddicas que conste en la p\u00e1gina web a la cual se remita.<\/p>\n<p>En cumplimiento con el deber le informamos que nuestro sitio web\u00a0est\u00e1 adaptado para cumplir con las exigencias de las siguientes leyes:<\/p>\n<ul>\n<li>El\u00a0<strong>RGPD<\/strong>\u00a0(<a href=\"https:\/\/www.boe.es\/doue\/2016\/119\/L00001-00088.pdf\" target=\"_blank\" rel=\"noopener\">Reglamento (UE) 2016\/679 del Parlamento Europeo y del Consejo de 27 de abril de 2016 relativo a la protecci\u00f3n de las personas f\u00edsicas<\/a>).<\/li>\n<li>La\u00a0<strong>LOPD<\/strong>\u00a0(<a href=\"https:\/\/www.boe.es\/buscar\/doc.php?id=BOE-A-1999-23750\" target=\"_blank\" rel=\"noopener\">Ley Org\u00e1nica 15\/1999, de 13 de diciembre, de Protecci\u00f3n de Datos de Car\u00e1cter Personal<\/a>\u00a0y\u00a0<a href=\"https:\/\/www.boe.es\/buscar\/doc.php?id=BOE-A-2008-979\" target=\"_blank\" rel=\"noopener\">Real Decreto 1720\/2007, de 21 de diciembre, el Reglamento de desarrollo de la LOPD<\/a>).<\/li>\n<li>La\u00a0<strong>LSSI<\/strong>\u00a0(<a href=\"http:\/\/www.boe.es\/buscar\/doc.php?id=BOE-A-2002-13758\" target=\"_blank\" rel=\"noopener\">Ley 34\/2002, de 11 de julio, de Servicios de la Sociedad de la Informaci\u00f3n y Comercio Electr\u00f3nico<\/a>).<\/li>\n<\/ul>\n<p>&nbsp;<\/p>\n<p><strong>Este aviso legal se actualiza, aprueba y publica en Lucena, a 6 de Octubre de 2022.<\/strong><\/p>\n<p><strong><\/strong><\/p>\n<h2>Informaci\u00f3n sobre el uso de las Cookies<\/h2>\n<p>Al navegar por este sitio web, determinadas Cookies tanto propias como de terceros se pueden almacenar en su equipo, por lo que debe conocer las Cookies que utiliza este sitio web visitando el enlace\u00a0<a href=\"https:\/\/lasangustiascordoba.es\/politica-de-cookies\/\">\u201cPol\u00edtica de Cookies\u201d<\/a>\u00a0antes de iniciar la navegaci\u00f3n.<\/p>\n<p>&nbsp;<\/p>\n<p>&nbsp;<\/p>\n<h2>Pol\u00edtica de privacidad<\/h2>\n<p>En cumplimiento de lo dispuesto en la Ley Org\u00e1nica 15\/1999, de 13 de Diciembre, de Protecci\u00f3n de Datos de Car\u00e1cter Personal (LOPD) se informa al usuario que todos los datos que nos proporcione ser\u00e1n incorporados a un fichero, creado y mantenido bajo la responsabilidad de la\u00a0<strong>Cofrad\u00eda<\/strong>.<\/p>\n<p>Siempre\u00a0se va a respetar la confidencialidad de sus datos personales que s\u00f3lo ser\u00e1n utilizados con la finalidad de gestionar los servicios ofrecidos, atender a las solicitudes que nos plantee, realizar tareas administrativas, as\u00ed como remitir informaci\u00f3n de inter\u00e9s por v\u00eda ordinaria o electr\u00f3nica.<\/p>\n<p>Al navegar por este sitio web, implica que reconoce haber le\u00eddo y aceptado la pol\u00edtica de privacidad que utiliza este sitio web y que puede conocer visitando el enlace\u00a0<a href=\"https:\/\/columnayesperanzalucena.es\/?page_id=3\">\u201cPol\u00edtica de privacidad\u201d<span>\u00a0<\/span><\/a>antes de iniciar la navegaci\u00f3n. Para ejercer sus\u00a0derechos de oposici\u00f3n, rectificaci\u00f3n o cancelaci\u00f3n deber\u00e1 escribirnos al siguiente correo<span>\u00a0<\/span><a href=\"mailto:secretariado@columnayesperanzalucena.es\" target=\"_blank\" rel=\"noopener\">secretariado@columnayesperanzalucena.es<\/a><\/p>\n<p>&nbsp;<\/p>\n<p>&nbsp;<\/p>\n<h2>Condiciones de uso del servicio web<\/h2>\n<p>Las condiciones de acceso y uso del presente sitio web se rigen por la legalidad vigente y por el principio de buena fe\u00a0comprometi\u00e9ndose el usuario a realizar un buen uso de la web. No se permiten conductas que vayan contra la ley, los derechos o intereses de terceros.<\/p>\n<p>Este servicio web tiene una zona p\u00fablica en la que los usuarios no necesitan estar autenticados para poder utilizar el servicio web y visitar la informaci\u00f3n que se publica.<\/p>\n<p>Los usuarios de este servicio web disponen de distintas zonas en las que pueden solicitar informaci\u00f3n a la <strong>Cofrad\u00eda<\/strong>\u00a0mediante formularios.\u00a0Los usuarios que rellenen estos formularios son responsables de la veracidad de los datos que han introducido. Tambi\u00e9n se puede solicitar informaci\u00f3n mediante los correos electr\u00f3nicos y tel\u00e9fonos que est\u00e1n expuestos en el sitio web. Los mensajes enviados se responder\u00e1n a la mayor brevedad, pero no se puede garantizar que todas las consultas sean respondidas especialmente si ha facilitado de forma err\u00f3nea alguno de sus datos.<\/p>\n<p>Para hacer uso de los apartados de acceso restringido de este sitio web, los usuarios deben tener m\u00e1s de 13 a\u00f1os de acuerdo con la legislaci\u00f3n vigente en materia de protecci\u00f3n de datos (14 a\u00f1os hasta el 25 de mayo de 2018), en este sentido, no podr\u00e1n acceder a la parte restringida, a menos que dicho acceso sea efectuado por su padre, madre o tutor legal.<\/p>\n<p>La <strong>Cofrad\u00eda<\/strong>\u00a0se reserva el derecho a modificar sin previo aviso las presentes condiciones de uso, los avisos legales y de protecci\u00f3n de datos, en cuyo caso, modificar\u00e1 la fecha de la publicaci\u00f3n de este aviso legal. Por lo que el usuario deber\u00e1 procurar acceder y leer regularmente este aviso legal.<\/p>\n<p>El usuario al acceder, navegar y utilizar este sitio web, acepta y conoce las advertencias legales, condiciones y t\u00e9rminos de uso del mismo.<\/p>\n<p>&nbsp;<\/p>\n<p>&nbsp;<\/p>\n<h2>Seguridad<\/h2>\n<p><strong>Este sitio web es un entorno seguro<\/strong>\u00a0a trav\u00e9s de Certificado SSL. El usuario puede comprobar que se encuentra en un entorno seguro, observando el candado cerrado en la barra de estado del navegador, o comprobando en el men\u00fa superior, la apariencia de la \u201cs\u201d\u00a0en el http.<\/p>\n<p>Este sitio web est\u00e1 hospedada en los servidores del prestador de servicios de Internet contratado por la <strong>Cofrad\u00eda<\/strong>\u00a0para la prestaci\u00f3n de este servicio, y que tiene su residencia en la U.E. (en adelante el\u00a0<strong>prestador de servicios<\/strong>).<\/p>\n<p>&nbsp;<\/p>\n<p>&nbsp;<\/p>\n<h2>Responsabilidades<\/h2>\n<p>Este sitio web y la <strong>Cofrad\u00eda<\/strong>, no se hacen responsables de la informaci\u00f3n y contenidos almacenados en espacios p\u00fablicos de libre acceso y opini\u00f3n, como foros, comentarios, redes sociales o cualquier otro medio\u00a0que permita a terceros publicar contenidos de forma independiente en la p\u00e1gina web.<\/p>\n<p>Sin embargo, teniendo en cuenta los art. 11 y 16 de la LSSI-CE, la <strong>Cofrad\u00eda<\/strong>\u00a0se compromete a la retirada o en su caso bloqueo de aquellos contenidos que pudieran afectar o contravenir la legislaci\u00f3n nacional o internacional, derechos de terceros o la moral y el orden p\u00fablico.<\/p>\n<p>Este sitio web tampoco se responsabilizar\u00e1 de los da\u00f1os y perjuicios que se produzcan por fallos o malas configuraciones del software instalado en el ordenador del internauta.\u00a0Se excluye toda responsabilidad por alguna incidencia t\u00e9cnica o fallo que se produzca cuando el usuario se conecte a internet. Igualmente no se garantiza la inexistencia de interrupciones o errores en el acceso al sitio web.<\/p>\n<p>As\u00ed mismo, la <strong>Cofrad\u00eda <\/strong>se reserva el derecho a actualizar, modificar o eliminar la informaci\u00f3n contenida en su p\u00e1gina web, as\u00ed como la configuraci\u00f3n o presentaci\u00f3n del mismo, en cualquier momento sin asumir alguna responsabilidad por ello.<\/p>\n<p>&nbsp;<\/p>\n<h2>Propiedad intelectual e industrial<\/h2>\n<p>La <strong>Cofrad\u00eda<\/strong>\u00a0es titular de todos los derechos sobre el software de la publicaci\u00f3n digital as\u00ed como de los derechos de propiedad industrial e intelectual referidos a los contenidos que se incluyan, a excepci\u00f3n de los derechos sobre productos y servicios de car\u00e1cter p\u00fablico que no son propiedad de este sitio.<\/p>\n<p>Ning\u00fan material publicado en esta web podr\u00e1 ser reproducido, distribuido, comunicado p\u00fablicamente y transformado sin el consentimiento por escrito de la\u00a0<strong>Cofrad\u00eda<\/strong>, salvo para uso personal y privado.<\/p>\n<p>Toda la informaci\u00f3n que se reciba en la web, como comentarios, sugerencias o ideas, se considerar\u00e1 cedida a la\u00a0<strong>Cofrad\u00eda<\/strong>\u00a0de manera gratuita. No debe enviarse informaci\u00f3n que NO pueda ser tratada de este modo.<\/p>\n<p>&nbsp;<\/p>\n<p>&nbsp;<\/p>\n<h2>Ley aplicable y jurisdicci\u00f3n<\/h2>\n<p>Con car\u00e1cter general, las relaciones entre la <strong>Cofrad\u00eda<\/strong>\u00a0y los usuarios de este servicio web se encuentran sometidas a la legislaci\u00f3n y jurisdicci\u00f3n espa\u00f1olas.<\/p>\n<p>&nbsp;<\/p>\n<p>&nbsp;<\/p>\n<p><!-- \/wp:paragraph --><\/p>\n<p><!-- wp:heading --><\/p>\n<p>&nbsp;<\/p>\n<p><!-- \/wp:paragraph --><\/p>[\/et_pb_text][\/et_pb_column][\/et_pb_row][et_pb_row _builder_version=\u00bb4.18.0&#8243; _module_preset=\u00bbdefault\u00bb global_colors_info=\u00bb{}\u00bb][et_pb_column type=\u00bb4_4&#8243; _builder_version=\u00bb4.18.0&#8243; _module_preset=\u00bbdefault\u00bb global_colors_info=\u00bb{}\u00bb][\/et_pb_column][\/et_pb_row][\/et_pb_section]","protected":false},"excerpt":{"rendered":"<p>|| Aviso legal Datos generales De acuerdo con el art\u00edculo 10 de la Ley 34\/2002, de 11 de julio, de Servicios de la Sociedad de la Informaci\u00f3n y de Comercio Electr\u00f3nico ponemos a su disposici\u00f3n los siguientes datos que corresponden al responsable de este sitio. Este servicio web pertenece a la Cofrad\u00eda de Nuestro Padre [&hellip;]<\/p>\n","protected":false},"author":1,"featured_media":0,"parent":0,"menu_order":0,"comment_status":"closed","ping_status":"closed","template":"","meta":{"_et_pb_use_builder":"on","_et_pb_old_content":"","_et_gb_content_width":"","footnotes":""},"class_list":["post-576","page","type-page","status-publish","hentry"],"jetpack_sharing_enabled":true,"_links":{"self":[{"href":"https:\/\/columnayesperanzalucena.es\/index.php?rest_route=\/wp\/v2\/pages\/576","targetHints":{"allow":["GET"]}}],"collection":[{"href":"https:\/\/columnayesperanzalucena.es\/index.php?rest_route=\/wp\/v2\/pages"}],"about":[{"href":"https:\/\/columnayesperanzalucena.es\/index.php?rest_route=\/wp\/v2\/types\/page"}],"author":[{"embeddable":true,"href":"https:\/\/columnayesperanzalucena.es\/index.php?rest_route=\/wp\/v2\/users\/1"}],"replies":[{"embeddable":true,"href":"https:\/\/columnayesperanzalucena.es\/index.php?rest_route=%2Fwp%2Fv2%2Fcomments&post=576"}],"version-history":[{"count":6,"href":"https:\/\/columnayesperanzalucena.es\/index.php?rest_route=\/wp\/v2\/pages\/576\/revisions"}],"predecessor-version":[{"id":593,"href":"https:\/\/columnayesperanzalucena.es\/index.php?rest_route=\/wp\/v2\/pages\/576\/revisions\/593"}],"wp:attachment":[{"href":"https:\/\/columnayesperanzalucena.es\/index.php?rest_route=%2Fwp%2Fv2%2Fmedia&parent=576"}],"curies":[{"name":"wp","href":"https:\/\/api.w.org\/{rel}","templated":true}]}}